{"id":27,"date":"2015-05-07T15:15:46","date_gmt":"2015-05-07T14:15:46","guid":{"rendered":"http:\/\/fredhilgemann.fr\/wp\/?page_id=27"},"modified":"2026-04-08T15:56:53","modified_gmt":"2026-04-08T14:56:53","slug":"projets","status":"publish","type":"page","link":"https:\/\/fredhilgemann.fr\/wp\/fr\/projets\/","title":{"rendered":"Projets en cours"},"content":{"rendered":"<div class=\"su-tabs su-tabs-style-default su-tabs-mobile-stack su-tabs-vertical\" data-active=\"1\" data-scroll-offset=\"0\" data-anchor-in-url=\"no\"><div class=\"su-tabs-nav\"><span class=\"\" data-url=\"\" data-target=\"blank\" tabindex=\"0\" role=\"button\">Prostitution des mineures, ce fl\u00e9au qu'on dit invisible <\/span><span class=\"\" data-url=\"\" data-target=\"blank\" tabindex=\"0\" role=\"button\">Tsunamis dans les lacs<\/span><span class=\"\" data-url=\"\" data-target=\"blank\" tabindex=\"0\" role=\"button\">Parlez-vous baleine ?<\/span><span class=\"\" data-url=\"\" data-target=\"blank\" tabindex=\"0\" role=\"button\">Entrelacs - quand le lac de Serre-Pon\u00e7on se d\u00e9voile<\/span><span class=\"\" data-url=\"\" data-target=\"blank\" tabindex=\"0\" role=\"button\">La R\u00e9surrection de feu Carotte<\/span><span class=\"\" data-url=\"\" data-target=\"blank\" tabindex=\"0\" role=\"button\">Of Air And Steel - Mon oncle Ewerdt<\/span><span class=\"\" data-url=\"\" data-target=\"blank\" tabindex=\"0\" role=\"button\">Bossa da Mata<\/span><span class=\"\" data-url=\"\" data-target=\"blank\" tabindex=\"0\" role=\"button\">Les Routes du Jade<\/span><\/div><div class=\"su-tabs-panes\"><div class=\"su-tabs-pane su-u-clearfix su-u-trim\" data-title=\"Prostitution des mineures, ce fl\u00e9au qu&#039;on dit invisible \">\n<h2 align=\"left\">En production<\/h2>\n<p>SOCI\u00c9T\u00c9\u00a0 |\u00a0 INVESTIGATION<\/p>\n<h3 style=\"text-align: center;\">Prostitution des mineures, ce fl\u00e9au qu&rsquo;on dit invisible<\/h3>\n<p style=\"text-align: center;\"><img loading=\"lazy\" decoding=\"async\" class=\"alignright size-full wp-image-2521\" src=\"https:\/\/fredhilgemann.fr\/wp\/wp-content\/uploads\/2026\/01\/Capture-decran-2026-01-10-a-12.50.52-1.png\" alt=\"\" width=\"1416\" height=\"902\" srcset=\"https:\/\/fredhilgemann.fr\/wp\/wp-content\/uploads\/2026\/01\/Capture-decran-2026-01-10-a-12.50.52-1.png 1416w, https:\/\/fredhilgemann.fr\/wp\/wp-content\/uploads\/2026\/01\/Capture-decran-2026-01-10-a-12.50.52-1-300x191.png 300w, https:\/\/fredhilgemann.fr\/wp\/wp-content\/uploads\/2026\/01\/Capture-decran-2026-01-10-a-12.50.52-1-1024x652.png 1024w, https:\/\/fredhilgemann.fr\/wp\/wp-content\/uploads\/2026\/01\/Capture-decran-2026-01-10-a-12.50.52-1-768x489.png 768w, https:\/\/fredhilgemann.fr\/wp\/wp-content\/uploads\/2026\/01\/Capture-decran-2026-01-10-a-12.50.52-1-2x1.png 2w\" sizes=\"auto, (max-width: 1416px) 100vw, 1416px\" \/><\/p>\n<p align=\"left\">AUTEURS-R\u00c9ALISATEURS : Claude Ardid &amp; Nad\u00e8ge Hubert<\/p>\n<p align=\"left\">PRODUCTION : Fred Hilgemann Films, avec la participation de France T\u00e9l\u00e9visions et du CNC<\/p>\n<p align=\"left\">FORMAT : 52 minutes<\/p>\n<p align=\"left\"><\/div>\n<div class=\"su-tabs-pane su-u-clearfix su-u-trim\" data-title=\"Tsunamis dans les lacs\">\n<h2 align=\"left\">En d\u00e9veloppement<\/h2>\n<p align=\"left\">SCIENCE\u00a0 |\u00a0 ENVIRONNEMENT<\/p>\n<p align=\"left\"><img loading=\"lazy\" decoding=\"async\" class=\"alignright size-full wp-image-2579\" src=\"https:\/\/fredhilgemann.fr\/wp\/wp-content\/uploads\/2026\/02\/Capture-decran-2026-02-18-a-11.43.57.png\" alt=\"\" width=\"2102\" height=\"1480\" srcset=\"https:\/\/fredhilgemann.fr\/wp\/wp-content\/uploads\/2026\/02\/Capture-decran-2026-02-18-a-11.43.57.png 2102w, https:\/\/fredhilgemann.fr\/wp\/wp-content\/uploads\/2026\/02\/Capture-decran-2026-02-18-a-11.43.57-300x211.png 300w, https:\/\/fredhilgemann.fr\/wp\/wp-content\/uploads\/2026\/02\/Capture-decran-2026-02-18-a-11.43.57-1024x721.png 1024w, https:\/\/fredhilgemann.fr\/wp\/wp-content\/uploads\/2026\/02\/Capture-decran-2026-02-18-a-11.43.57-768x541.png 768w, https:\/\/fredhilgemann.fr\/wp\/wp-content\/uploads\/2026\/02\/Capture-decran-2026-02-18-a-11.43.57-1536x1081.png 1536w, https:\/\/fredhilgemann.fr\/wp\/wp-content\/uploads\/2026\/02\/Capture-decran-2026-02-18-a-11.43.57-2048x1442.png 2048w, https:\/\/fredhilgemann.fr\/wp\/wp-content\/uploads\/2026\/02\/Capture-decran-2026-02-18-a-11.43.57-1x1.png 1w\" sizes=\"auto, (max-width: 2102px) 100vw, 2102px\" \/><\/p>\n<p align=\"left\">AUTEUR-R\u00c9ALISATEUR : Pascal Gu\u00e9rin<\/p>\n<p align=\"left\">CONSEILLER SCIENTIFIQUE : Pierre Sabatier (CNRS)<\/p>\n<p align=\"left\">PRODUCTION : Fred Hilgemann Films<\/p>\n<p align=\"left\">PARTENARIAT : Universit\u00e9 de Savoie Mont-Blanc<\/p>\n<p align=\"left\">AVEC LE SOUTIEN DE LA PROCIREP-ANGOA<\/p>\n<p align=\"left\">FORMAT : 90 minutes et 52 minutes<\/p>\n<p align=\"left\"><\/div>\n<div class=\"su-tabs-pane su-u-clearfix su-u-trim\" data-title=\"Parlez-vous baleine ?\">\n<h2 align=\"left\">En d\u00e9veloppement<\/h2>\n<p>SCIENCE\u00a0 |\u00a0 NATURE<\/p>\n<h3 style=\"text-align: center;\">Parlez-vous baleine ?<\/h3>\n<p><img loading=\"lazy\" decoding=\"async\" class=\"size-full wp-image-2524\" src=\"https:\/\/fredhilgemann.fr\/wp\/wp-content\/uploads\/2026\/01\/241120_MxHpics_Fjord3D_A_0382-scaled.jpg\" alt=\"\" width=\"2560\" height=\"1707\" srcset=\"https:\/\/fredhilgemann.fr\/wp\/wp-content\/uploads\/2026\/01\/241120_MxHpics_Fjord3D_A_0382-scaled.jpg 2560w, https:\/\/fredhilgemann.fr\/wp\/wp-content\/uploads\/2026\/01\/241120_MxHpics_Fjord3D_A_0382-300x200.jpg 300w, https:\/\/fredhilgemann.fr\/wp\/wp-content\/uploads\/2026\/01\/241120_MxHpics_Fjord3D_A_0382-1024x683.jpg 1024w, https:\/\/fredhilgemann.fr\/wp\/wp-content\/uploads\/2026\/01\/241120_MxHpics_Fjord3D_A_0382-768x512.jpg 768w, https:\/\/fredhilgemann.fr\/wp\/wp-content\/uploads\/2026\/01\/241120_MxHpics_Fjord3D_A_0382-1536x1024.jpg 1536w, https:\/\/fredhilgemann.fr\/wp\/wp-content\/uploads\/2026\/01\/241120_MxHpics_Fjord3D_A_0382-2048x1365.jpg 2048w, https:\/\/fredhilgemann.fr\/wp\/wp-content\/uploads\/2026\/01\/241120_MxHpics_Fjord3D_A_0382-1x1.jpg 1w, https:\/\/fredhilgemann.fr\/wp\/wp-content\/uploads\/2026\/01\/241120_MxHpics_Fjord3D_A_0382-272x182.jpg 272w\" sizes=\"auto, (max-width: 2560px) 100vw, 2560px\" \/><\/p>\n<p align=\"left\">AUTEURS-R\u00c9ALISATEURS : Marie-Anne Sorba &amp; Jean-Marc Cazenave<\/p>\n<p align=\"left\">CONSEILLER SCIENTIFIQUE : Herv\u00e9 Glotin (CNRS)<\/p>\n<p align=\"left\">PRODUCTION : Fred Hilgemann Films<\/p>\n<p align=\"left\">PARTENARIAT : Universit\u00e9 de Toulon<\/p>\n<p align=\"left\">AVEC LE SOUTIEN DE LA PROCIREP-ANGOA<\/p>\n<p align=\"left\">FORMAT : 52 minutes<\/p>\n<p align=\"left\"><\/div>\n<div class=\"su-tabs-pane su-u-clearfix su-u-trim\" data-title=\"Entrelacs - quand le lac de Serre-Pon\u00e7on se d\u00e9voile\">\n<h2 align=\"left\">En d\u00e9veloppement<\/h2>\n<p align=\"justify\">SCIENCE |\u00a0 ENVIRONNEMENT<\/p>\n<h2 style=\"text-align: center;\" align=\"justify\">Entrelacs<\/h2>\n<p><img loading=\"lazy\" decoding=\"async\" class=\"alignright size-full wp-image-2527\" src=\"https:\/\/fredhilgemann.fr\/wp\/wp-content\/uploads\/2026\/01\/Capture-decran-2026-01-10-a-13.06.25-1-scaled.png\" alt=\"\" width=\"2560\" height=\"1544\" srcset=\"https:\/\/fredhilgemann.fr\/wp\/wp-content\/uploads\/2026\/01\/Capture-decran-2026-01-10-a-13.06.25-1-scaled.png 2560w, https:\/\/fredhilgemann.fr\/wp\/wp-content\/uploads\/2026\/01\/Capture-decran-2026-01-10-a-13.06.25-1-300x181.png 300w, https:\/\/fredhilgemann.fr\/wp\/wp-content\/uploads\/2026\/01\/Capture-decran-2026-01-10-a-13.06.25-1-1024x618.png 1024w, https:\/\/fredhilgemann.fr\/wp\/wp-content\/uploads\/2026\/01\/Capture-decran-2026-01-10-a-13.06.25-1-768x463.png 768w, https:\/\/fredhilgemann.fr\/wp\/wp-content\/uploads\/2026\/01\/Capture-decran-2026-01-10-a-13.06.25-1-1536x926.png 1536w, https:\/\/fredhilgemann.fr\/wp\/wp-content\/uploads\/2026\/01\/Capture-decran-2026-01-10-a-13.06.25-1-2048x1235.png 2048w, https:\/\/fredhilgemann.fr\/wp\/wp-content\/uploads\/2026\/01\/Capture-decran-2026-01-10-a-13.06.25-1-2x1.png 2w\" sizes=\"auto, (max-width: 2560px) 100vw, 2560px\" \/><\/p>\n<p align=\"left\">AUTEUR-R\u00c9ALISATEUR : J\u00e9r\u00e9mie Van Quynh<\/p>\n<p align=\"left\">PRODUCTION : Fred Hilgemann Films<\/p>\n<p align=\"left\">AVEC LE SOUTIEN DE LA PROCIREP-ANGOA ET DU D\u00c9PARTEMENT DES HAUTES-ALPES<\/p>\n<p align=\"left\">FORMAT : 52 minutes<\/p>\n<p align=\"left\"><\/div>\n<div class=\"su-tabs-pane su-u-clearfix su-u-trim\" data-title=\"La R\u00e9surrection de feu Carotte\">\n<h2 align=\"left\">En d\u00e9veloppement<\/h2>\n<p align=\"left\">CULTURE | \u00c9DUCATION<\/p>\n<h2 style=\"text-align: center;\" align=\"justify\">La R\u00e9surrection de feu Carotte<\/h2>\n<p style=\"text-align: center;\"><img loading=\"lazy\" decoding=\"async\" class=\"alignright size-full wp-image-2531\" src=\"https:\/\/fredhilgemann.fr\/wp\/wp-content\/uploads\/2026\/01\/Capture-decran-2026-01-10-a-12.54.17-1.png\" alt=\"\" width=\"2526\" height=\"1460\" srcset=\"https:\/\/fredhilgemann.fr\/wp\/wp-content\/uploads\/2026\/01\/Capture-decran-2026-01-10-a-12.54.17-1.png 2526w, https:\/\/fredhilgemann.fr\/wp\/wp-content\/uploads\/2026\/01\/Capture-decran-2026-01-10-a-12.54.17-1-300x173.png 300w, https:\/\/fredhilgemann.fr\/wp\/wp-content\/uploads\/2026\/01\/Capture-decran-2026-01-10-a-12.54.17-1-1024x592.png 1024w, https:\/\/fredhilgemann.fr\/wp\/wp-content\/uploads\/2026\/01\/Capture-decran-2026-01-10-a-12.54.17-1-768x444.png 768w, https:\/\/fredhilgemann.fr\/wp\/wp-content\/uploads\/2026\/01\/Capture-decran-2026-01-10-a-12.54.17-1-1536x888.png 1536w, https:\/\/fredhilgemann.fr\/wp\/wp-content\/uploads\/2026\/01\/Capture-decran-2026-01-10-a-12.54.17-1-2048x1184.png 2048w, https:\/\/fredhilgemann.fr\/wp\/wp-content\/uploads\/2026\/01\/Capture-decran-2026-01-10-a-12.54.17-1-2x1.png 2w\" sizes=\"auto, (max-width: 2526px) 100vw, 2526px\" \/><\/p>\n<p align=\"left\">AUTEURS-R\u00c9ALISATEURS : Marie-Anne Sorba &amp; Julien Bengel<\/p>\n<p align=\"left\">PRODUCTION : Fred Hilgemann Films \/ Mise en Bo\u00eete Production<\/p>\n<p align=\"left\">FORMAT : 52 minutes &amp; 4&#215;20&prime;<\/p>\n<p align=\"left\"><\/div>\n<div class=\"su-tabs-pane su-u-clearfix su-u-trim\" data-title=\"Of Air And Steel - Mon oncle Ewerdt\">\n<h2 align=\"left\"><strong>En \u00e9criture<\/strong><\/h2>\n<p align=\"justify\">CULTURE |\u00a0 ART CONTEMPORAIN<\/p>\n<h2 style=\"text-align: center;\" align=\"justify\">Of Air And Steel &#8211; Mon oncle Ewerdt<\/h2>\n<p><iframe loading=\"lazy\" src=\"\/\/player.vimeo.com\/video\/171083638?title=0&amp;amp;byline=0\" width=\"640\" height=\"360\" frameborder=\"0\" allowfullscreen=\"allowfullscreen\" data-mce-fragment=\"1\"><\/iframe><\/p>\n<div align=\"justify\"><\/div>\n<div align=\"justify\">Auteur-r\u00e9alisateur : Jean-Marc Cazenave<\/div>\n<div align=\"justify\"><\/div>\n<div align=\"justify\">Format : 52 minutes<\/div>\n<\/div>\n<div class=\"su-tabs-pane su-u-clearfix su-u-trim\" data-title=\"Bossa da Mata\">\n<div align=\"left\">\n<h2 align=\"left\"><strong>En \u00e9criture<\/strong><\/h2>\n<p align=\"justify\">D\u00c9COUVERTE\u00a0 |\u00a0 ENVIRONNEMENT<\/p>\n<h2 style=\"text-align: center;\" align=\"justify\">Bossa da Mata<\/h2>\n<div align=\"justify\">Documentaire &#8211; 52 minutes<\/div>\n<div align=\"justify\">Environnement<\/div>\n<div align=\"justify\">Auteurs-r\u00e9alisateurs: Jean Philippe et Jean-Marc Cazenave<\/div>\n<div align=\"justify\">Titres provisoires: Ode \u00e0 la for\u00eat prodigue \/ La Bossa de la for\u00eat<\/div>\n<div align=\"justify\">Avec le soutien de la PROCIREP et de l&rsquo;ANGOA et de <a href=\"https:\/\/www.touscoprod.com\/fr\/foretprodigue\">Touscoprod<\/a><\/div>\n<div>\n<h3>Synopsis<\/h3>\n<\/div>\n<p align=\"justify\">Musicien de l\u00e9gende, Roberto Menescal parcourt la Mata Atlantica, la for\u00eat atlantique br\u00e9silienne, pour remonter aux sources de son inspiration et de celle des plus grands compositeurs de bossa nova. N\u00e9 dans ce paysage tropical exub\u00e9rant en 1957, ce mouvement d\u2019avant-garde continue d\u2019irriguer le monde de la musique depuis 60 ans. De Rio au Nordeste, au fil des rencontres avec des musiciens et des scientifiques, le film propose une immersion visuelle et sonore dans l\u2019une des plus grandes for\u00eats primaires du monde, r\u00e9v\u00e9lant un jeu intime d&rsquo;influences entre la musique et la nature&#8230;<\/p>\n<div align=\"justify\">\n<p><iframe loading=\"lazy\" src=\"\/\/player.vimeo.com\/video\/158654903?title=0&amp;amp;byline=0\" width=\"560\" height=\"315\" frameborder=\"0\" allowfullscreen=\"allowfullscreen\" data-mce-fragment=\"1\"><\/iframe><\/p>\n<\/div>\n<\/div>\n<div><\/div>\n<div><\/div>\n<h3>Un voyage musical au c\u0153ur de la Nature<\/h3>\n<div>\n<h3><img loading=\"lazy\" decoding=\"async\" class=\"alignright wp-image-767\" src=\"https:\/\/fredhilgemann.fr\/wp\/wp-content\/uploads\/2015\/06\/RM-pein-de-sucre.jpg\" alt=\"RM pain de sucre\" width=\"343\" height=\"193\" srcset=\"https:\/\/fredhilgemann.fr\/wp\/wp-content\/uploads\/2015\/06\/RM-pein-de-sucre.jpg 730w, https:\/\/fredhilgemann.fr\/wp\/wp-content\/uploads\/2015\/06\/RM-pein-de-sucre-300x168.jpg 300w\" sizes=\"auto, (max-width: 343px) 100vw, 343px\" \/><\/h3>\n<p>D\u00e9couverte d&rsquo;un milieu naturel exceptionnel en forme de balade musicale sur la c\u00f4te est du Br\u00e9sil, le film est guid\u00e9 par l&rsquo;aura de Menescal, c\u00e9l\u00e8bre \u00e0 la fois pour sa carri\u00e8re d&rsquo;envergure internationale et sa collection \u00e9tendue de brom\u00e9liac\u00e9es. A la rencontre d&rsquo;autres grands musiciens comme Carlos Lyra, Tom Jobim, Joao Gilberto, Gilberto Gil et la chanteuse am\u00e9ricaine Stacey Kent, il r\u00e9v\u00e8le connexion profonde de leur musique avec l&rsquo;environnement tropical. Avec la complicit\u00e9 d&rsquo;ornithologues, de biologistes et de bioacousticiens, nous d\u00e9couvrons les ondes et les vibrations qui traversent la for\u00eat atlantique et r\u00e9v\u00e8lent sa formidable densit\u00e9 de vie. Dans l&rsquo;univers des cimes anim\u00e9 par les sons animaux et le murmure des arbres, les harmonies et le rythme de la for\u00eat donnent \u00e0 la bossa nova ses m\u00e9lodies et son tempo.<\/p>\n<\/div>\n<h3>Les r\u00e9alisateurs<\/h3>\n<div align=\"left\">\n<p align=\"justify\">Jean Philippe \u2013 Auteur et journaliste, animateur d&rsquo;\u00e9missions de radios sur le Br\u00e9sil depuis 20 ans, il a \u00e9t\u00e9 le conseiller musical et le co-auteur et plusieurs documentaires pour Arte, France T\u00e9l\u00e9visions, \u00e9galement diffus\u00e9s au Br\u00e9sil: A descoberta de Orfeu (2014), Une \u00e9quipe de r\u00eave (2006), A la Recherche d&rsquo;Orfeu Negro (2005). \u00c9galement musicien, bas\u00e9 \u00e0 Cannes, il a compos\u00e9 et enregistr\u00e9 l&rsquo;album R\u00eaver au Br\u00e9sil (2012) avec Menescal (guitare), Wanda Sa (voix) et Raul Mascarenas (fl\u00fbte).<\/p>\n<p>Jean-Marc Cazenave\u00a0 \u2013 Auteur-r\u00e9alisateur depuis 10 ans, il a dirig\u00e9 plusieurs films sur le Br\u00e9sil depuis son premier film, Bain de Bahia (2007). Le pays lui porte chance: en comp\u00e9tition au Festival international du film Sao Paulo (2008), il est l&rsquo;un des documentaristes fran\u00e7ais invit\u00e9s pour l&rsquo;Ann\u00e9e de la France au Br\u00e9sil (2009). Chasseur de belles images, il ma\u00eetrise les tournages drones et exp\u00e9rimente \u00e9galement la conception d&rsquo;images en 3D pour construire ses r\u00e9cits, comme dans son dernier film, L&rsquo;Enigme du Grand Menhir (France T\u00e9l\u00e9visions 2016).<\/p>\n<h3 align=\"justify\">Le Super-cerveau<\/h3>\n<p align=\"justify\">Exceptionnellement dou\u00e9 pour percevoir et enregistrer les sons, le bioacousticien Juan Pablo Culasso (Uruguay) est l&rsquo;une des chevilles ouvri\u00e8res du film. Aveugle de naissance, il est capable de reconna\u00eetre \u00e0 l&rsquo;oreille plus de 500 chants d&rsquo;oiseaux diff\u00e9rents, ce qui lui vaut le titre de \u00ab\u00a0Super-cerveau d&rsquo;Am\u00e9rique Latine\u00a0\u00bb, \u00e0 l&rsquo;issue d&rsquo;un concours intercontinental organis\u00e9 par National Geographic en 2014. Pendant les deux derni\u00e8res ann\u00e9es, il a constitu\u00e9 une bioblioth\u00e8que sonore des grands sites sud-am\u00e9ricains, jusqu&rsquo;en Antarctique. Sa sensibilit\u00e9 extraordinaire et sa connaissance de la vie sauvage et du son d\u00e9voilent la vie invisible de la Mata Atlantica \u00e0 l&rsquo;\u00e9cran.<\/p>\n<\/div>\n<h3 align=\"justify\">La bande son<\/h3>\n<p>Des ann\u00e9es 1950 \u00e0 nos jours, les plus grands tubes de Menescal, Joao Gilberto, Antonio Carlos Jobim (The Girl from Ipanema, Aguas de Mar\u00e7o) repris par une nouvelle g\u00e9n\u00e9ration de musiciens, \u00e9voquent l&rsquo;esprit originel de la Bossa Nova, qui souffle tout au long du film sur les paysages paradisiaques de la Mata Atlantica.<\/p>\n<div><\/div>\n<div><a href=\"https:\/\/www.facebook.com\/odealaforetprodigue\/\">D\u00e9couvrez l&rsquo;univers du film<\/a><\/div>\n<div align=\"justify\"><\/div>\n<div align=\"left\"><\/div>\n<p><span style=\"color: initial; font-family: -apple-system, BlinkMacSystemFont, 'Segoe UI', Roboto, Oxygen-Sans, Ubuntu, Cantarell, 'Helvetica Neue', sans-serif; font-size: revert; font-weight: revert;\"><\/div>\n<div class=\"su-tabs-pane su-u-clearfix su-u-trim\" data-title=\"Les Routes du Jade\">\n<h2 align=\"left\"><strong>En \u00e9criture<\/strong><\/h2>\n<p>SCIENCE\u00a0 |\u00a0 ARCH\u00c9OLOGIE<\/p>\n<div align=\"left\">\n<h2 style=\"text-align: center;\">Les Routes du Jade<\/h2>\n<\/div>\n<div style=\"width: 654px;\" class=\"wp-video\"><video class=\"wp-video-shortcode\" id=\"video-27-1\" width=\"654\" height=\"368\" poster=\"https:\/\/fredhilgemann.fr\/wp\/wp-content\/uploads\/2023\/05\/MG_1433-scaled.jpg\" preload=\"metadata\" controls=\"controls\"><source type=\"video\/mp4\" src=\"https:\/\/fredhilgemann.fr\/wp\/wp-content\/uploads\/2023\/05\/TEASER-ROADS-OF-JADE-2019-1.mp4?_=1\" \/><a href=\"https:\/\/fredhilgemann.fr\/wp\/wp-content\/uploads\/2023\/05\/TEASER-ROADS-OF-JADE-2019-1.mp4\">https:\/\/fredhilgemann.fr\/wp\/wp-content\/uploads\/2023\/05\/TEASER-ROADS-OF-JADE-2019-1.mp4<\/a><\/video><\/div>\n<div align=\"justify\">\n<p>__________<\/p>\n<p>\u00c0 2500 m\u00e8tres d\u2019altitude, sur le versant sud des Alpes, l\u2019arch\u00e9ologue Pierre P\u00e9trequin (CNRS) retrouve, apr\u00e8s des ann\u00e9es de recherches, une carri\u00e8re de jade exploit\u00e9e par les hommes du N\u00e9olithique, il y a 7000 ans.<\/p>\n<p>Cette d\u00e9couverte arch\u00e9ologique exceptionnelle va lui permettre de r\u00e9soudre l\u2019une des \u00e9nigmes le plus tenaces de la Pr\u00e9histoire europ\u00e9enne : que signifient les myst\u00e9rieux objets, haches et anneaux en jad\u00e9ite, qui ont \u00e9t\u00e9 d\u00e9pos\u00e9s \u00e0 cette \u00e9poque dans les s\u00e9pultures des personnages les plus importants du continent europ\u00e9en ?<\/p>\n<p>De l\u2019Atlantique \u00e0 la mer Noire et de la Baltique \u00e0 la M\u00e9diterran\u00e9e, nous d\u00e9couvrons peu \u00e0 peu le visage d\u2019une Europe qui s\u2019affirme comme un puissant foyer de civilisation \u00e0 la fin de la Pr\u00e9histoire.<\/p>\n<p>AUTEURS : Marie-Anne Sorba &amp; Jean-Marc Cazenave<\/p>\n<p>CONSEILLER SCIENTIFIQUE : Pierre P\u00e9trequin<\/p>\n<\/div>\n<div align=\"left\"><\/div>\n<div align=\"left\">\n<\/div><\/div><\/div>\n<\/div>\n","protected":false},"excerpt":{"rendered":"","protected":false},"author":1,"featured_media":0,"parent":0,"menu_order":0,"comment_status":"open","ping_status":"open","template":"","meta":{"footnotes":""},"class_list":["post-27","page","type-page","status-publish","hentry"],"_links":{"self":[{"href":"https:\/\/fredhilgemann.fr\/wp\/wp-json\/wp\/v2\/pages\/27","targetHints":{"allow":["GET"]}}],"collection":[{"href":"https:\/\/fredhilgemann.fr\/wp\/wp-json\/wp\/v2\/pages"}],"about":[{"href":"https:\/\/fredhilgemann.fr\/wp\/wp-json\/wp\/v2\/types\/page"}],"author":[{"embeddable":true,"href":"https:\/\/fredhilgemann.fr\/wp\/wp-json\/wp\/v2\/users\/1"}],"replies":[{"embeddable":true,"href":"https:\/\/fredhilgemann.fr\/wp\/wp-json\/wp\/v2\/comments?post=27"}],"version-history":[{"count":153,"href":"https:\/\/fredhilgemann.fr\/wp\/wp-json\/wp\/v2\/pages\/27\/revisions"}],"predecessor-version":[{"id":2595,"href":"https:\/\/fredhilgemann.fr\/wp\/wp-json\/wp\/v2\/pages\/27\/revisions\/2595"}],"wp:attachment":[{"href":"https:\/\/fredhilgemann.fr\/wp\/wp-json\/wp\/v2\/media?parent=27"}],"curies":[{"name":"wp","href":"https:\/\/api.w.org\/{rel}","templated":true}]}}